{"id":196,"date":"2025-07-06T15:12:36","date_gmt":"2025-07-06T13:12:36","guid":{"rendered":"https:\/\/montagneduphenix.com\/?page_id=196"},"modified":"2025-09-05T01:03:41","modified_gmt":"2025-09-04T23:03:41","slug":"2025-11-stage-lyon","status":"publish","type":"page","link":"https:\/\/montagneduphenix.com\/?page_id=196","title":{"rendered":"2025-11 Stage Lyon"},"content":{"rendered":"\n<h4 class=\"wp-block-heading\"><strong>M\u00e9ditation &amp; Qi Gong Tao\u00efstes &#8211; Novembre<\/strong> <strong>2025<\/strong><br><\/h4>\n\n\n\n<figure class=\"wp-block-image size-full\"><img loading=\"lazy\" decoding=\"async\" width=\"671\" height=\"522\" src=\"https:\/\/montagneduphenix.com\/wp-content\/uploads\/2025\/07\/Lyonstage.jpg\" alt=\"\" class=\"wp-image-197\" srcset=\"https:\/\/montagneduphenix.com\/wp-content\/uploads\/2025\/07\/Lyonstage.jpg 671w, https:\/\/montagneduphenix.com\/wp-content\/uploads\/2025\/07\/Lyonstage-300x233.jpg 300w\" sizes=\"auto, (max-width: 671px) 100vw, 671px\" \/><\/figure>\n\n\n\n<p><strong>Envie de Transformation ?<\/strong><\/p>\n\n\n\n<p>Fatigu\u00e9 du tumulte quotidien ? Besoin de recentrer votre \u00e9nergie ? Ce stage est une invitation \u00e0 explorer la sagesse ancestrale du tao\u00efsme et \u00e0 l&rsquo;int\u00e9grer concr\u00e8tement dans votre vie.<br><\/p>\n\n\n\n<figure class=\"wp-block-audio\"><audio controls src=\"https:\/\/montagneduphenix.com\/wp-content\/uploads\/2025\/09\/Qi_Gong_et_Meditation_Taoiste_a_Lyon.mp3\"><\/audio><\/figure>\n\n\n\n<h6 class=\"wp-block-heading has-text-align-center\"><strong><br>Ce Qui Vous Attend : Un Voyage Int\u00e9rieur<\/strong><\/h6>\n\n\n\n<p><strong>   \u00c9veillez Votre Tao au Quotidien :<\/strong><\/p>\n\n\n\n<ul class=\"wp-block-list\">\n<li>D\u00e9couvrez des pratiques simples pour cultiver l&rsquo;harmonie du matin au soir.<\/li>\n\n\n\n<li>Comprenez l&rsquo;impact des actions quotidiennes et comment agir avec intention.<\/li>\n\n\n\n<li>Apprenez \u00e0 cr\u00e9er un autel personnel, un espace sacr\u00e9 chez vous.<\/li>\n\n\n\n<li>Explorez votre relation au monde spirituel et trouvez l&rsquo;inspiration.<\/li>\n\n\n\n<li>Initiez-vous au v\u00e9g\u00e9tarisme conscient et \u00e0 la simplicit\u00e9 volontaire.<\/li>\n<\/ul>\n\n\n\n<p><\/p>\n\n\n\n<p><strong>M\u00e9ditation en Mouvement et en Silence :<\/strong><\/p>\n\n\n\n<p>Explorez trois formes de m\u00e9ditation : assise (reli\u00e9e \u00e0 Guanyin), en marchant, et couch\u00e9e, pour une exp\u00e9rience compl\u00e8te.<\/p>\n\n\n\n<p><\/p>\n\n\n\n<p><strong>Qi Gong Tao\u00efste : R\u00e9veillez Votre \u00c9nergie Vitale :<\/strong> Pratiquez des techniques vari\u00e9es pour renforcer votre corps et apaiser votre esprit.<\/p>\n\n\n\n<p><\/p>\n\n\n\n<h6 class=\"wp-block-heading has-text-align-center\"><strong><br><br>Votre Guide :<\/strong><\/h6>\n\n\n\n<p>Form\u00e9 par Ma\u00eetre Huang Chong Fa de l&rsquo;\u00e9cole Quanzhen Longmen \u00e0 Ta\u00efwan, <strong>Philippe Gao Li Aspe<\/strong> partagera avec passion son exp\u00e9rience des techniques d\u2019alchimie int\u00e9rieure (Gong Dan). Laissez-vous guider par un enseignant authentique et exp\u00e9riment\u00e9.<\/p>\n\n\n\n<h6 class=\"wp-block-heading has-text-align-center\"><strong><br><br>Informations Pratiques :<\/strong><\/h6>\n\n\n\n<p><strong>Le lieu : <\/strong><a href=\"https:\/\/maps.app.goo.gl\/caeNraRUWCFheAKh7\" target=\"_blank\" rel=\"noreferrer noopener\">3 place Croix Paquet, 2\u00e8me \u00e9tage, Lyon<\/a><\/p>\n\n\n\n<p><strong>R\u00e8gles de Vie :<\/strong> V\u00e9g\u00e9tarisme le midi (sans viande, poisson, ail), pas d&rsquo;alcool, respect du silence. Ponctualit\u00e9 appr\u00e9ci\u00e9e.<\/p>\n\n\n\n<p><strong>Votre Kit Essentiel :<\/strong> Coussin, tapis de sol, couverture\/ch\u00e2le, carnet de notes, et surtout, votre joie et votre bonne humeur !<\/p>\n\n\n\n<p><strong>Inscriptions \/ Reservations :<\/strong> <a href=\"https:\/\/www.helloasso.com\/associations\/centre-feng-huang-shan\/evenements\/stage-meditation-et-qi-gong-a-pithiviers-le-vieil-janvier-2\">ici<\/a><\/p>\n\n\n\n<h6 class=\"wp-block-heading has-text-align-center\"><strong><br>Horaires :<\/strong><\/h6>\n\n\n\n<ul class=\"wp-block-list\">\n<li>Samedi : 9h00 &#8211; 18h00 (pause de 1h30 pour le d\u00e9jeuner)<\/li>\n\n\n\n<li>Dimanche : 8h00 &#8211; 16h00 ( idem)<br><\/li>\n<\/ul>\n\n\n\n<h6 class=\"wp-block-heading has-text-align-center\"><strong><br><br>Tarifs Accessibles \u00e0 Tous<\/strong><\/h6>\n\n\n\n<figure class=\"wp-block-video\"><video height=\"720\" style=\"aspect-ratio: 1280 \/ 720;\" width=\"1280\" controls src=\"https:\/\/montagneduphenix.com\/wp-content\/uploads\/2025\/09\/Lyon-11-25-Meditation__Qi_Gong_Taoistes.mp4\"><\/video><\/figure>\n\n\n\n<p>Parce que la spiritualit\u00e9 tao\u00efste doit \u00eatre accessible :<\/p>\n\n\n\n<ul class=\"wp-block-list\">\n<li>Jusqu&rsquo;\u00e0 1000\u20ac de revenus : 30\u20ac\/jour (60\u20ac le stage)<\/li>\n\n\n\n<li>Jusqu&rsquo;\u00e0 2000\u20ac : 45\u20ac\/jour (90\u20ac le stage)<\/li>\n\n\n\n<li>Jusqu&rsquo;\u00e0 3000\u20ac : 60\u20ac\/jour (120\u20ac le stage)<\/li>\n\n\n\n<li>Au-del\u00e0 : 70\u20ac\/jour (140\u20ac le stage)<br><\/li>\n\n\n\n<li>Adhesion \u00e0 l&rsquo;association n\u00e9cessaire : <a href=\"https:\/\/www.helloasso.com\/associations\/centre-feng-huang-shan\/adhesions\/adhesion-2025\">ici<\/a><\/li>\n<\/ul>\n\n\n\n<p>Inscriptions \/ Reservations<strong> :<\/strong> <a href=\"https:\/\/www.helloasso.com\/associations\/centre-feng-huang-shan\/evenements\/stage-meditation-et-qi-gong-a-pithiviers-le-vieil-janvier-2\" target=\"_blank\" rel=\"noreferrer noopener\">ici<\/a><\/p>\n\n\n\n<p><strong>Un obstacle financier ? Parlons-en !<\/strong> Ensemble, nous trouverons une solution.<\/p>\n\n\n\n<p><\/p>\n\n\n\n<h5 class=\"wp-block-heading has-text-align-center\"><strong><br><br><a href=\"https:\/\/www.helloasso.com\/associations\/centre-feng-huang-shan\/adhesions\/adhesion-2025\">Rejoignez la Famille Tao\u00efste !<\/a><\/strong><\/h5>\n","protected":false},"excerpt":{"rendered":"<p>M\u00e9ditation &amp; Qi Gong Tao\u00efstes &#8211; Novembre 2025 Envie de Transformation ? Fatigu\u00e9 du tumulte quotidien ? Besoin de recentrer votre \u00e9nergie ? Ce stage est une invitation \u00e0 explorer la sagesse ancestrale du tao\u00efsme et \u00e0 l&rsquo;int\u00e9grer concr\u00e8tement dans votre vie. Ce Qui Vous Attend : Un Voyage Int\u00e9rieur \u00c9veillez Votre Tao au Quotidien [&hellip;]<\/p>\n","protected":false},"author":1,"featured_media":0,"parent":0,"menu_order":0,"comment_status":"closed","ping_status":"closed","template":"","meta":{"footnotes":""},"class_list":["post-196","page","type-page","status-publish","hentry"],"_links":{"self":[{"href":"https:\/\/montagneduphenix.com\/index.php?rest_route=\/wp\/v2\/pages\/196","targetHints":{"allow":["GET"]}}],"collection":[{"href":"https:\/\/montagneduphenix.com\/index.php?rest_route=\/wp\/v2\/pages"}],"about":[{"href":"https:\/\/montagneduphenix.com\/index.php?rest_route=\/wp\/v2\/types\/page"}],"author":[{"embeddable":true,"href":"https:\/\/montagneduphenix.com\/index.php?rest_route=\/wp\/v2\/users\/1"}],"replies":[{"embeddable":true,"href":"https:\/\/montagneduphenix.com\/index.php?rest_route=%2Fwp%2Fv2%2Fcomments&post=196"}],"version-history":[{"count":3,"href":"https:\/\/montagneduphenix.com\/index.php?rest_route=\/wp\/v2\/pages\/196\/revisions"}],"predecessor-version":[{"id":478,"href":"https:\/\/montagneduphenix.com\/index.php?rest_route=\/wp\/v2\/pages\/196\/revisions\/478"}],"wp:attachment":[{"href":"https:\/\/montagneduphenix.com\/index.php?rest_route=%2Fwp%2Fv2%2Fmedia&parent=196"}],"curies":[{"name":"wp","href":"https:\/\/api.w.org\/{rel}","templated":true}]}}