{"id":35,"date":"2025-05-30T19:52:45","date_gmt":"2025-05-30T17:52:45","guid":{"rendered":"https:\/\/montagneduphenix.com\/?page_id=35"},"modified":"2025-07-01T11:56:12","modified_gmt":"2025-07-01T09:56:12","slug":"accueil","status":"publish","type":"page","link":"https:\/\/montagneduphenix.com\/","title":{"rendered":"Home"},"content":{"rendered":"\n<figure class=\"wp-block-image alignwide size-full is-style-default\"><img loading=\"lazy\" decoding=\"async\" width=\"919\" height=\"240\" src=\"https:\/\/montagneduphenix.com\/wp-content\/uploads\/2025\/06\/croppedimage-035b516915d94b5f8ead492fef093f06.png\" alt=\"\" class=\"wp-image-124\" srcset=\"https:\/\/montagneduphenix.com\/wp-content\/uploads\/2025\/06\/croppedimage-035b516915d94b5f8ead492fef093f06.png 919w, https:\/\/montagneduphenix.com\/wp-content\/uploads\/2025\/06\/croppedimage-035b516915d94b5f8ead492fef093f06-300x78.png 300w, https:\/\/montagneduphenix.com\/wp-content\/uploads\/2025\/06\/croppedimage-035b516915d94b5f8ead492fef093f06-768x201.png 768w\" sizes=\"auto, (max-width: 919px) 100vw, 919px\" \/><\/figure>\n\n\n\n<h3 class=\"wp-block-heading\"><br><br>Qui&nbsp;sommes-nous ?<\/h3>\n\n\n\n<p>Notre association a pour vocation de diffuser les enseignements de Ma\u00eetre <em>Huang Chong Fa<\/em>, l\u2019un des rares ma\u00eetres de l&rsquo;ordre tao\u00efste <em>Quanzhen Longmen<\/em> ou de \u00ab\u00a0La Porte du Dragon de la Parfaite R\u00e9alit\u00e9\u00a0\u00bb qui vit \u00e0 Ta\u00efwan.<\/p>\n\n\n\n<p>Mais ce n\u2019est pas tout : cette association est un espace d\u2019exploration et de pratique autour du tao\u00efsme, ouvert \u00e0 tous ceux qui souhaitent s\u2019enrichir spirituellement et int\u00e9grer ces enseignements dans leur quotidien.<br><br>&nbsp;<\/p>\n\n\n\n<h3 class=\"wp-block-heading\">Quelles sont nos activit\u00e9s ?<\/h3>\n\n\n\n<p>Voici un aper\u00e7u des p\u00f4les principaux :<\/p>\n\n\n\n<ul class=\"wp-block-list\">\n\n<li><strong>Stages de m\u00e9ditation tao\u00efste (Neidan)<\/strong>\u00a0et de <strong>Qi Gong<\/strong>.<\/li>\n\n<p> <\/p>\n\n<li><strong>Yangsheng<\/strong>\u00a0: stages ou formations pour cultiver la sant\u00e9 et la long\u00e9vit\u00e9.<\/li>\n\n<p> <\/p>\n\n<li><strong>Enseignements pratiques<\/strong>\u00a0: comprendre les grands principes tao\u00efstes et apprendre \u00e0 les appliquer au quotidien (rituels simples, alimentation, etc.).<\/li>\n\n<p> <\/p>\n\n<li><strong>Spiritualit\u00e9 active<\/strong>\u00a0: activit\u00e9s d\u2019aide spirituelle pour les malades, les d\u00e9funts et leur famille, les animaux domestiques.<br><\/li>\n\n<p> <\/p>\n\n<li><strong>Publications<\/strong>&nbsp;: livrets, guides pratiques et autres supports p\u00e9dagogiques.<\/li>\n\n<\/ul>\n\n\n\n<h3 class=\"wp-block-heading\"><br>O\u00f9&nbsp;nous trouver<\/h3>\n\n\n\n<p>Lors de nos stages et nos \u00e9v\u00e8nements : <a href=\"https:\/\/montagneduphenix.com\/?page_id=95\"><strong>ici<\/strong><\/a><\/p>\n\n\n\n<p><\/p>\n","protected":false},"excerpt":{"rendered":"<p>Qui&nbsp;sommes-nous ? Notre association a pour vocation de diffuser les enseignements de Ma\u00eetre Huang Chong Fa, l\u2019un des rares ma\u00eetres de l&rsquo;ordre tao\u00efste Quanzhen Longmen ou de \u00ab\u00a0La Porte du Dragon de la Parfaite R\u00e9alit\u00e9\u00a0\u00bb qui vit \u00e0 Ta\u00efwan. Mais ce n\u2019est pas tout : cette association est un espace d\u2019exploration et de pratique autour [&hellip;]<\/p>\n","protected":false},"author":1,"featured_media":0,"parent":0,"menu_order":0,"comment_status":"closed","ping_status":"closed","template":"","meta":{"footnotes":""},"class_list":["post-35","page","type-page","status-publish","hentry"],"_links":{"self":[{"href":"https:\/\/montagneduphenix.com\/index.php?rest_route=\/wp\/v2\/pages\/35","targetHints":{"allow":["GET"]}}],"collection":[{"href":"https:\/\/montagneduphenix.com\/index.php?rest_route=\/wp\/v2\/pages"}],"about":[{"href":"https:\/\/montagneduphenix.com\/index.php?rest_route=\/wp\/v2\/types\/page"}],"author":[{"embeddable":true,"href":"https:\/\/montagneduphenix.com\/index.php?rest_route=\/wp\/v2\/users\/1"}],"replies":[{"embeddable":true,"href":"https:\/\/montagneduphenix.com\/index.php?rest_route=%2Fwp%2Fv2%2Fcomments&post=35"}],"version-history":[{"count":35,"href":"https:\/\/montagneduphenix.com\/index.php?rest_route=\/wp\/v2\/pages\/35\/revisions"}],"predecessor-version":[{"id":195,"href":"https:\/\/montagneduphenix.com\/index.php?rest_route=\/wp\/v2\/pages\/35\/revisions\/195"}],"wp:attachment":[{"href":"https:\/\/montagneduphenix.com\/index.php?rest_route=%2Fwp%2Fv2%2Fmedia&parent=35"}],"curies":[{"name":"wp","href":"https:\/\/api.w.org\/{rel}","templated":true}]}}