{"id":95,"date":"2025-06-29T20:44:55","date_gmt":"2025-06-29T18:44:55","guid":{"rendered":"https:\/\/montagneduphenix.com\/?page_id=95"},"modified":"2025-08-02T14:16:18","modified_gmt":"2025-08-02T12:16:18","slug":"les-stages","status":"publish","type":"page","link":"https:\/\/montagneduphenix.com\/?page_id=95","title":{"rendered":"Les stages"},"content":{"rendered":"\n<p><\/p>\n\n\n\n<h1 class=\"wp-block-heading has-text-align-center\">Nos stages<\/h1>\n\n\n\n<p><br> <\/p>\n\n\n\n<hr class=\"wp-block-separator has-alpha-channel-opacity\"\/>\n\n\n<\/p>\n\n\n<p>2025 -Novembre &#8211; D\u00e9tails et R\u00e9servations : <a href=\"https:\/\/www.helloasso.com\/associations\/centre-feng-huang-shan\/evenements\/stage-meditation-et-qi-gong-a-pithiviers-le-vieil-janvier-2\">cliquer ici<\/a><\/p>\n\n\n\n<p>2026 -Janvier- D\u00e9tails et R\u00e9servations : <a href=\"https:\/\/www.helloasso.com\/associations\/centre-feng-huang-shan\/evenements\/stage-meditation-et-qi-gong-pithiviers-01-26\">cliquer ici<\/a><\/p>\n\n\n\n<p>2026 -Avril &#8211; D\u00e9tails et R\u00e9servations : <a href=\"https:\/\/www.helloasso.com\/associations\/centre-feng-huang-shan\/evenements\/stage-meditation-et-qi-gong-a-pithiviers-le-vieil-01-26-2\">cliquer ici<\/a><\/p>\n\n\n\n<p><\/p>\n","protected":false},"excerpt":{"rendered":"<p>Nos stages 2025 -Novembre &#8211; D\u00e9tails et R\u00e9servations : cliquer ici 2026 -Janvier- D\u00e9tails et R\u00e9servations : cliquer ici 2026 -Avril &#8211; D\u00e9tails et R\u00e9servations : cliquer ici<\/p>\n","protected":false},"author":1,"featured_media":0,"parent":0,"menu_order":0,"comment_status":"closed","ping_status":"closed","template":"","meta":{"footnotes":""},"class_list":["post-95","page","type-page","status-publish","hentry"],"_links":{"self":[{"href":"https:\/\/montagneduphenix.com\/index.php?rest_route=\/wp\/v2\/pages\/95","targetHints":{"allow":["GET"]}}],"collection":[{"href":"https:\/\/montagneduphenix.com\/index.php?rest_route=\/wp\/v2\/pages"}],"about":[{"href":"https:\/\/montagneduphenix.com\/index.php?rest_route=\/wp\/v2\/types\/page"}],"author":[{"embeddable":true,"href":"https:\/\/montagneduphenix.com\/index.php?rest_route=\/wp\/v2\/users\/1"}],"replies":[{"embeddable":true,"href":"https:\/\/montagneduphenix.com\/index.php?rest_route=%2Fwp%2Fv2%2Fcomments&post=95"}],"version-history":[{"count":17,"href":"https:\/\/montagneduphenix.com\/index.php?rest_route=\/wp\/v2\/pages\/95\/revisions"}],"predecessor-version":[{"id":460,"href":"https:\/\/montagneduphenix.com\/index.php?rest_route=\/wp\/v2\/pages\/95\/revisions\/460"}],"wp:attachment":[{"href":"https:\/\/montagneduphenix.com\/index.php?rest_route=%2Fwp%2Fv2%2Fmedia&parent=95"}],"curies":[{"name":"wp","href":"https:\/\/api.w.org\/{rel}","templated":true}]}}